{"id":8,"date":"2010-09-19T20:00:45","date_gmt":"2010-09-19T20:00:45","guid":{"rendered":"http:\/\/chocolats-conges.com\/Boutique\/?page_id=8"},"modified":"2024-12-18T17:13:33","modified_gmt":"2024-12-18T17:13:33","slug":"nous-contacter","status":"publish","type":"page","link":"https:\/\/www.chocolats-conges.com\/Boutique\/blog\/nous-contacter\/","title":{"rendered":"Fleurs gourmandes"},"content":{"rendered":"<p>Les fleurs gourmandes que nous r\u00e9alisons depuis 2010 dans notre atelier font partie de notre marque de fabrique.<\/p>\n<p><img loading=\"lazy\" decoding=\"async\" class=\"alignnone size-full wp-image-1069\" src=\"http:\/\/www.chocolats-conges.com\/Boutique\/wp-content\/uploads\/2018\/10\/jean-marie-et-isabelle-conges-saint-antoine-de-ficalba-fleurs-gourmandes.jpg\" alt=\"\" width=\"450\" height=\"411\" srcset=\"https:\/\/www.chocolats-conges.com\/Boutique\/wp-content\/uploads\/2018\/10\/jean-marie-et-isabelle-conges-saint-antoine-de-ficalba-fleurs-gourmandes.jpg 450w, https:\/\/www.chocolats-conges.com\/Boutique\/wp-content\/uploads\/2018\/10\/jean-marie-et-isabelle-conges-saint-antoine-de-ficalba-fleurs-gourmandes-300x274.jpg 300w\" sizes=\"auto, (max-width: 450px) 100vw, 450px\" \/><\/p>\n<p><a href=\"https:\/\/www.ladepeche.fr\/article\/2015\/01\/09\/2025291-les-fleurs-a-croquer-sont-ecloses.html\">https:\/\/www.ladepeche.fr\/article\/les-fleurs-a-croquer-sont-ecloses.html<\/a><\/p>\n<p><img loading=\"lazy\" decoding=\"async\" class=\"alignnone size-full wp-image-511\" title=\"fleurs_gourmandes_11\" src=\"http:\/\/chocolats-conges.com\/Boutique\/wp-content\/uploads\/2010\/09\/fleurs_gourmandes_111.jpg\" alt=\"\" width=\"480\" height=\"321\" srcset=\"https:\/\/www.chocolats-conges.com\/Boutique\/wp-content\/uploads\/2010\/09\/fleurs_gourmandes_111.jpg 480w, https:\/\/www.chocolats-conges.com\/Boutique\/wp-content\/uploads\/2010\/09\/fleurs_gourmandes_111-300x200.jpg 300w\" sizes=\"auto, (max-width: 480px) 100vw, 480px\" \/><\/p>\n<p>R\u00e9alis\u00e9es \u00e0 partir de chocolats, de p\u00e2te de fruits, de drag\u00e9es chocolat, ces fleurs sont vendues \u00e0 l\u2019unit\u00e9 ou en bouquet.<br \/>\nAinsi, au gr\u00e9 de vos envies, vous pouvez aussi bien d\u00e9guster une fleur gourmande ou demander la composition d&rsquo;un bouquet , en choisissant les parfums (p\u00e2te de fruit ou chocolat) et le nombre de fleurs.<\/p>\n<p>Ces bouquets seront du plus bel effet lors de vos r\u00e9unions familiales ou entre amis. En effet, il s&rsquo;agit du meilleur moyen d&rsquo;allier le plaisir des yeux et le plaisir du go\u00fbt avec une touche d&rsquo;originalit\u00e9.<\/p>\n<p>Surprenez vos amis !<\/p>\n<h4><u><span style=\"color: #8a0808;\">Un aper\u00e7u de nos cr\u00e9ations<\/span><\/u>:<\/h4>\n<p><center><br \/>\n<img loading=\"lazy\" decoding=\"async\" class=\"size-full wp-image-1075\" src=\"http:\/\/www.chocolats-conges.com\/Boutique\/wp-content\/uploads\/2018\/10\/fleurs_gourmandes_saint_antoine_de_ficalba_bouquet_01.jpg\" alt=\"\" width=\"750\" height=\"750\" srcset=\"https:\/\/www.chocolats-conges.com\/Boutique\/wp-content\/uploads\/2018\/10\/fleurs_gourmandes_saint_antoine_de_ficalba_bouquet_01.jpg 750w, https:\/\/www.chocolats-conges.com\/Boutique\/wp-content\/uploads\/2018\/10\/fleurs_gourmandes_saint_antoine_de_ficalba_bouquet_01-300x300.jpg 300w, https:\/\/www.chocolats-conges.com\/Boutique\/wp-content\/uploads\/2018\/10\/fleurs_gourmandes_saint_antoine_de_ficalba_bouquet_01-100x100.jpg 100w, https:\/\/www.chocolats-conges.com\/Boutique\/wp-content\/uploads\/2018\/10\/fleurs_gourmandes_saint_antoine_de_ficalba_bouquet_01-600x600.jpg 600w, https:\/\/www.chocolats-conges.com\/Boutique\/wp-content\/uploads\/2018\/10\/fleurs_gourmandes_saint_antoine_de_ficalba_bouquet_01-150x150.jpg 150w, https:\/\/www.chocolats-conges.com\/Boutique\/wp-content\/uploads\/2018\/10\/fleurs_gourmandes_saint_antoine_de_ficalba_bouquet_01-740x740.jpg 740w, https:\/\/www.chocolats-conges.com\/Boutique\/wp-content\/uploads\/2018\/10\/fleurs_gourmandes_saint_antoine_de_ficalba_bouquet_01-480x480.jpg 480w\" sizes=\"auto, (max-width: 750px) 100vw, 750px\" \/><\/center><img loading=\"lazy\" decoding=\"async\" class=\"size-full wp-image-1077\" src=\"http:\/\/www.chocolats-conges.com\/Boutique\/wp-content\/uploads\/2018\/10\/fleurs_gourmandes_saint_antoine_de_ficalba_bouquet_02.jpg\" alt=\"\" width=\"750\" height=\"533\" srcset=\"https:\/\/www.chocolats-conges.com\/Boutique\/wp-content\/uploads\/2018\/10\/fleurs_gourmandes_saint_antoine_de_ficalba_bouquet_02.jpg 750w, https:\/\/www.chocolats-conges.com\/Boutique\/wp-content\/uploads\/2018\/10\/fleurs_gourmandes_saint_antoine_de_ficalba_bouquet_02-600x426.jpg 600w, https:\/\/www.chocolats-conges.com\/Boutique\/wp-content\/uploads\/2018\/10\/fleurs_gourmandes_saint_antoine_de_ficalba_bouquet_02-300x213.jpg 300w, https:\/\/www.chocolats-conges.com\/Boutique\/wp-content\/uploads\/2018\/10\/fleurs_gourmandes_saint_antoine_de_ficalba_bouquet_02-740x526.jpg 740w, https:\/\/www.chocolats-conges.com\/Boutique\/wp-content\/uploads\/2018\/10\/fleurs_gourmandes_saint_antoine_de_ficalba_bouquet_02-480x341.jpg 480w\" sizes=\"auto, (max-width: 750px) 100vw, 750px\" \/><\/p>\n<p><img loading=\"lazy\" decoding=\"async\" class=\"size-full wp-image-1079\" src=\"http:\/\/www.chocolats-conges.com\/Boutique\/wp-content\/uploads\/2018\/10\/fleurs_gourmandes_saint_antoine_de_ficalba_03.jpg\" alt=\"\" width=\"750\" height=\"502\" srcset=\"https:\/\/www.chocolats-conges.com\/Boutique\/wp-content\/uploads\/2018\/10\/fleurs_gourmandes_saint_antoine_de_ficalba_03.jpg 750w, https:\/\/www.chocolats-conges.com\/Boutique\/wp-content\/uploads\/2018\/10\/fleurs_gourmandes_saint_antoine_de_ficalba_03-600x402.jpg 600w, https:\/\/www.chocolats-conges.com\/Boutique\/wp-content\/uploads\/2018\/10\/fleurs_gourmandes_saint_antoine_de_ficalba_03-300x201.jpg 300w, https:\/\/www.chocolats-conges.com\/Boutique\/wp-content\/uploads\/2018\/10\/fleurs_gourmandes_saint_antoine_de_ficalba_03-740x495.jpg 740w, https:\/\/www.chocolats-conges.com\/Boutique\/wp-content\/uploads\/2018\/10\/fleurs_gourmandes_saint_antoine_de_ficalba_03-510x340.jpg 510w, https:\/\/www.chocolats-conges.com\/Boutique\/wp-content\/uploads\/2018\/10\/fleurs_gourmandes_saint_antoine_de_ficalba_03-480x320.jpg 480w\" sizes=\"auto, (max-width: 750px) 100vw, 750px\" \/><\/p>\n<p><img loading=\"lazy\" decoding=\"async\" class=\"size-full wp-image-1081\" src=\"http:\/\/www.chocolats-conges.com\/Boutique\/wp-content\/uploads\/2018\/10\/fleurs_gourmandes_saint_antoine_de_ficalba_04.jpg\" alt=\"\" width=\"663\" height=\"750\" srcset=\"https:\/\/www.chocolats-conges.com\/Boutique\/wp-content\/uploads\/2018\/10\/fleurs_gourmandes_saint_antoine_de_ficalba_04.jpg 663w, https:\/\/www.chocolats-conges.com\/Boutique\/wp-content\/uploads\/2018\/10\/fleurs_gourmandes_saint_antoine_de_ficalba_04-600x679.jpg 600w, https:\/\/www.chocolats-conges.com\/Boutique\/wp-content\/uploads\/2018\/10\/fleurs_gourmandes_saint_antoine_de_ficalba_04-265x300.jpg 265w, https:\/\/www.chocolats-conges.com\/Boutique\/wp-content\/uploads\/2018\/10\/fleurs_gourmandes_saint_antoine_de_ficalba_04-480x543.jpg 480w\" sizes=\"auto, (max-width: 663px) 100vw, 663px\" \/><\/p>\n<p><img loading=\"lazy\" decoding=\"async\" class=\"alignnone size-full wp-image-1083\" src=\"http:\/\/www.chocolats-conges.com\/Boutique\/wp-content\/uploads\/2018\/10\/fleurs_gourmandes_saint_antoine_de_ficalba_05.jpg\" alt=\"\" width=\"750\" height=\"502\" srcset=\"https:\/\/www.chocolats-conges.com\/Boutique\/wp-content\/uploads\/2018\/10\/fleurs_gourmandes_saint_antoine_de_ficalba_05.jpg 750w, https:\/\/www.chocolats-conges.com\/Boutique\/wp-content\/uploads\/2018\/10\/fleurs_gourmandes_saint_antoine_de_ficalba_05-600x402.jpg 600w, https:\/\/www.chocolats-conges.com\/Boutique\/wp-content\/uploads\/2018\/10\/fleurs_gourmandes_saint_antoine_de_ficalba_05-300x201.jpg 300w, https:\/\/www.chocolats-conges.com\/Boutique\/wp-content\/uploads\/2018\/10\/fleurs_gourmandes_saint_antoine_de_ficalba_05-740x495.jpg 740w, https:\/\/www.chocolats-conges.com\/Boutique\/wp-content\/uploads\/2018\/10\/fleurs_gourmandes_saint_antoine_de_ficalba_05-510x340.jpg 510w, https:\/\/www.chocolats-conges.com\/Boutique\/wp-content\/uploads\/2018\/10\/fleurs_gourmandes_saint_antoine_de_ficalba_05-480x320.jpg 480w\" sizes=\"auto, (max-width: 750px) 100vw, 750px\" \/><\/p>\n<p><img loading=\"lazy\" decoding=\"async\" class=\"alignnone size-full wp-image-1088\" src=\"http:\/\/www.chocolats-conges.com\/Boutique\/wp-content\/uploads\/2018\/10\/fleurs_gourmandes_saint_antoine_de_ficalba_bouquet_03.jpg\" alt=\"\" width=\"750\" height=\"502\" srcset=\"https:\/\/www.chocolats-conges.com\/Boutique\/wp-content\/uploads\/2018\/10\/fleurs_gourmandes_saint_antoine_de_ficalba_bouquet_03.jpg 750w, https:\/\/www.chocolats-conges.com\/Boutique\/wp-content\/uploads\/2018\/10\/fleurs_gourmandes_saint_antoine_de_ficalba_bouquet_03-600x402.jpg 600w, https:\/\/www.chocolats-conges.com\/Boutique\/wp-content\/uploads\/2018\/10\/fleurs_gourmandes_saint_antoine_de_ficalba_bouquet_03-300x201.jpg 300w, https:\/\/www.chocolats-conges.com\/Boutique\/wp-content\/uploads\/2018\/10\/fleurs_gourmandes_saint_antoine_de_ficalba_bouquet_03-740x495.jpg 740w, https:\/\/www.chocolats-conges.com\/Boutique\/wp-content\/uploads\/2018\/10\/fleurs_gourmandes_saint_antoine_de_ficalba_bouquet_03-510x340.jpg 510w, https:\/\/www.chocolats-conges.com\/Boutique\/wp-content\/uploads\/2018\/10\/fleurs_gourmandes_saint_antoine_de_ficalba_bouquet_03-480x320.jpg 480w\" sizes=\"auto, (max-width: 750px) 100vw, 750px\" \/><\/p>\n<p><img loading=\"lazy\" decoding=\"async\" class=\"alignnone size-full wp-image-1090\" src=\"http:\/\/www.chocolats-conges.com\/Boutique\/wp-content\/uploads\/2018\/10\/fleurs_gourmandes_saint_antoine_de_ficalba_bouquet_04.jpg\" alt=\"\" width=\"640\" height=\"480\" srcset=\"https:\/\/www.chocolats-conges.com\/Boutique\/wp-content\/uploads\/2018\/10\/fleurs_gourmandes_saint_antoine_de_ficalba_bouquet_04.jpg 640w, https:\/\/www.chocolats-conges.com\/Boutique\/wp-content\/uploads\/2018\/10\/fleurs_gourmandes_saint_antoine_de_ficalba_bouquet_04-600x450.jpg 600w, https:\/\/www.chocolats-conges.com\/Boutique\/wp-content\/uploads\/2018\/10\/fleurs_gourmandes_saint_antoine_de_ficalba_bouquet_04-300x225.jpg 300w, https:\/\/www.chocolats-conges.com\/Boutique\/wp-content\/uploads\/2018\/10\/fleurs_gourmandes_saint_antoine_de_ficalba_bouquet_04-480x360.jpg 480w\" sizes=\"auto, (max-width: 640px) 100vw, 640px\" \/><\/p>\n<p><a href=\"http:\/\/www.chocolats-conges.com\/Boutique\/nous-contacter\/fleurs_gourmandes_saint_antoine_de_ficalba_isabelle_conges_articles\/\" rel=\"attachment wp-att-1135\"><img loading=\"lazy\" decoding=\"async\" class=\"alignnone size-full wp-image-1135\" src=\"http:\/\/www.chocolats-conges.com\/Boutique\/wp-content\/uploads\/2018\/11\/fleurs_gourmandes_saint_antoine_de_ficalba_Isabelle_Conges_articles.jpg\" alt=\"\" width=\"350\" height=\"905\" srcset=\"https:\/\/www.chocolats-conges.com\/Boutique\/wp-content\/uploads\/2018\/11\/fleurs_gourmandes_saint_antoine_de_ficalba_Isabelle_Conges_articles.jpg 350w, https:\/\/www.chocolats-conges.com\/Boutique\/wp-content\/uploads\/2018\/11\/fleurs_gourmandes_saint_antoine_de_ficalba_Isabelle_Conges_articles-116x300.jpg 116w\" sizes=\"auto, (max-width: 350px) 100vw, 350px\" \/><\/a><\/p>\n","protected":false},"excerpt":{"rendered":"<p>Les fleurs gourmandes que nous r\u00e9alisons depuis 2010 dans notre atelier font partie de notre marque de fabrique. https:\/\/www.ladepeche.fr\/article\/les-fleurs-a-croquer-sont-ecloses.html R\u00e9alis\u00e9es \u00e0 partir de chocolats, de p\u00e2te de fruits, de drag\u00e9es chocolat, ces fleurs sont vendues \u00e0 l\u2019unit\u00e9 ou en bouquet. Ainsi, au gr\u00e9 de vos envies, vous pouvez aussi bien d\u00e9guster une fleur gourmande ou&#8230;<\/p>\n","protected":false},"author":1,"featured_media":0,"parent":0,"menu_order":6,"comment_status":"closed","ping_status":"open","template":"","meta":{"footnotes":""},"class_list":["post-8","page","type-page","status-publish","hentry"],"_links":{"self":[{"href":"https:\/\/www.chocolats-conges.com\/Boutique\/blog\/wp-json\/wp\/v2\/pages\/8","targetHints":{"allow":["GET"]}}],"collection":[{"href":"https:\/\/www.chocolats-conges.com\/Boutique\/blog\/wp-json\/wp\/v2\/pages"}],"about":[{"href":"https:\/\/www.chocolats-conges.com\/Boutique\/blog\/wp-json\/wp\/v2\/types\/page"}],"author":[{"embeddable":true,"href":"https:\/\/www.chocolats-conges.com\/Boutique\/blog\/wp-json\/wp\/v2\/users\/1"}],"replies":[{"embeddable":true,"href":"https:\/\/www.chocolats-conges.com\/Boutique\/blog\/wp-json\/wp\/v2\/comments?post=8"}],"version-history":[{"count":74,"href":"https:\/\/www.chocolats-conges.com\/Boutique\/blog\/wp-json\/wp\/v2\/pages\/8\/revisions"}],"predecessor-version":[{"id":62236,"href":"https:\/\/www.chocolats-conges.com\/Boutique\/blog\/wp-json\/wp\/v2\/pages\/8\/revisions\/62236"}],"wp:attachment":[{"href":"https:\/\/www.chocolats-conges.com\/Boutique\/blog\/wp-json\/wp\/v2\/media?parent=8"}],"curies":[{"name":"wp","href":"https:\/\/api.w.org\/{rel}","templated":true}]}}