{"id":712,"date":"2013-05-23T07:11:50","date_gmt":"2013-05-23T07:11:50","guid":{"rendered":"http:\/\/www.chocolats-conges.com\/Boutique\/?page_id=712"},"modified":"2018-11-04T20:07:02","modified_gmt":"2018-11-04T20:07:02","slug":"qui-sommes-nous","status":"publish","type":"page","link":"https:\/\/www.chocolats-conges.com\/Boutique\/blog\/qui-sommes-nous\/","title":{"rendered":"Qui sommes-nous ?"},"content":{"rendered":"<p><a href=\"http:\/\/chocolats-conges.com\/Boutique\/wp-content\/uploads\/2010\/09\/jean_marie_et_isabelle_conges.jpg\"><img loading=\"lazy\" decoding=\"async\" class=\"alignnone size-full wp-image-26\" title=\"jean_marie_et_isabelle_conges\" src=\"http:\/\/chocolats-conges.com\/Boutique\/wp-content\/uploads\/2010\/09\/jean_marie_et_isabelle_conges.jpg\" alt=\"\" width=\"500\" height=\"344\" srcset=\"https:\/\/www.chocolats-conges.com\/Boutique\/wp-content\/uploads\/2010\/09\/jean_marie_et_isabelle_conges.jpg 800w, https:\/\/www.chocolats-conges.com\/Boutique\/wp-content\/uploads\/2010\/09\/jean_marie_et_isabelle_conges-600x413.jpg 600w, https:\/\/www.chocolats-conges.com\/Boutique\/wp-content\/uploads\/2010\/09\/jean_marie_et_isabelle_conges-300x206.jpg 300w\" sizes=\"auto, (max-width: 500px) 100vw, 500px\" \/><\/a><\/p>\n<h4>Monsieur Conges, depuis quand \u00eates-vous install\u00e9 sur la commune et quelles sont les raisons qui vous ont amen\u00e9 \u00e0 choisir Saint-Antoine ?<\/h4>\n<p>\u00abJe me suis install\u00e9 le 1er Mai 1984. Natif de Bordeaux, je suis arriv\u00e9 \u00e0 Villeneuve en 1967 et apr\u00e8s mes ann\u00e9es d\u2019apprentissage, j\u2019ai cherch\u00e9 \u00e0 m\u2019installer, non pas dans une grande ville mais dans un village pour participer de fa\u00e7on plus concr\u00e8te \u00e0 la vie de celui-ci et y apporter mon savoir-faire.\u00bb<\/p>\n<h4>Pouvez-vous nous dire quelles sont les personnes qui vous ont influenc\u00e9 dans votre parcours professionnel ?<\/h4>\n<p>\u00abOui, bien s\u00fbr: Monsieur Yves Thuri\u00e8s et St\u00e9phane Klein, p\u00e2tissier, glacier, compagnons du Tour de France, m\u2019ont apport\u00e9 le go\u00fbt du travail bien fait et m\u2019ont transmis leur savoir-faire acquis au cours de leurs carri\u00e8res. J\u2019ai particip\u00e9 au concours du meilleur apprenti de France en 1978 et je suis devenu chocolatier par passion.\u00bb<\/p>\n<p>&nbsp;<br \/>\n<center><\/p>\n<h2><span style=\"color: #5a3a22;\">\u00abApprendre\u00bb est le ma\u00eetre-mot des artisans.<\/span><\/h2>\n<p><\/center><br \/>\navec Yves Thuri\u00e8s&#8230;<br \/>\n<img loading=\"lazy\" decoding=\"async\" class=\"alignnone size-full wp-image-970\" src=\"http:\/\/www.chocolats-conges.com\/Boutique\/wp-content\/uploads\/2018\/10\/Jean_Marie_Conges_Yves_Thuries.jpg\" alt=\"\" width=\"572\" height=\"439\" srcset=\"https:\/\/www.chocolats-conges.com\/Boutique\/wp-content\/uploads\/2018\/10\/Jean_Marie_Conges_Yves_Thuries.jpg 572w, https:\/\/www.chocolats-conges.com\/Boutique\/wp-content\/uploads\/2018\/10\/Jean_Marie_Conges_Yves_Thuries-300x230.jpg 300w, https:\/\/www.chocolats-conges.com\/Boutique\/wp-content\/uploads\/2018\/10\/Jean_Marie_Conges_Yves_Thuries-480x368.jpg 480w\" sizes=\"auto, (max-width: 572px) 100vw, 572px\" \/><br \/>\navec St\u00e9phane Klein&#8230;<br \/>\n<img loading=\"lazy\" decoding=\"async\" class=\"alignnone size-full wp-image-977\" src=\"http:\/\/www.chocolats-conges.com\/Boutique\/wp-content\/uploads\/2018\/10\/Jean_Marie_Conges_St\u00e9phane_Klein.jpg\" alt=\"\" width=\"572\" height=\"439\" srcset=\"https:\/\/www.chocolats-conges.com\/Boutique\/wp-content\/uploads\/2018\/10\/Jean_Marie_Conges_St\u00e9phane_Klein.jpg 572w, https:\/\/www.chocolats-conges.com\/Boutique\/wp-content\/uploads\/2018\/10\/Jean_Marie_Conges_St\u00e9phane_Klein-300x230.jpg 300w, https:\/\/www.chocolats-conges.com\/Boutique\/wp-content\/uploads\/2018\/10\/Jean_Marie_Conges_St\u00e9phane_Klein-480x368.jpg 480w\" sizes=\"auto, (max-width: 572px) 100vw, 572px\" \/><br \/>\navec Serge Granger en 2013 &#8230;<br \/>\n<img loading=\"lazy\" decoding=\"async\" class=\"alignnone size-full wp-image-979\" src=\"http:\/\/www.chocolats-conges.com\/Boutique\/wp-content\/uploads\/2018\/10\/Jean_Marie_Conges_Serge_Granger.jpg\" alt=\"\" width=\"572\" height=\"387\" srcset=\"https:\/\/www.chocolats-conges.com\/Boutique\/wp-content\/uploads\/2018\/10\/Jean_Marie_Conges_Serge_Granger.jpg 572w, https:\/\/www.chocolats-conges.com\/Boutique\/wp-content\/uploads\/2018\/10\/Jean_Marie_Conges_Serge_Granger-300x203.jpg 300w, https:\/\/www.chocolats-conges.com\/Boutique\/wp-content\/uploads\/2018\/10\/Jean_Marie_Conges_Serge_Granger-480x325.jpg 480w\" sizes=\"auto, (max-width: 572px) 100vw, 572px\" \/><\/p>\n<h4>D\u2019apr\u00e8s vous, quelles sont les raisons de votre notori\u00e9t\u00e9 ?<\/h4>\n<p>\u00abConfectionner des produits traditionnels et de qualit\u00e9 r\u00e9guli\u00e8re, mais \u00e9galement rechercher de l\u2019innovation dans le go\u00fbt et les saveurs de nouvelles fabrications.\u00bb<\/p>\n<p><em>Extraits d&rsquo;une interview publi\u00e9e le 21 juillet 2010 sur le blog bienvivreasaintantoine.com<\/em><\/p>\n<p>&nbsp;<\/p>\n<p>&nbsp;<br \/>\n<center><\/p>\n<h2><span style=\"color: #5a3a22;\">Transmettre sa passion<\/span><\/h2>\n<p><a href=\"http:\/\/www.chocolats-conges.com\/Boutique\/qui-sommes-nous\/ecole_saint_antoine_de_ficalba_chocolatier_conges\/\" rel=\"attachment wp-att-1137\"><img loading=\"lazy\" decoding=\"async\" class=\"alignnone size-full wp-image-1137\" src=\"http:\/\/www.chocolats-conges.com\/Boutique\/wp-content\/uploads\/2018\/11\/ecole_saint_antoine_de_ficalba_chocolatier_conges.jpg\" alt=\"\" width=\"725\" height=\"776\" srcset=\"https:\/\/www.chocolats-conges.com\/Boutique\/wp-content\/uploads\/2018\/11\/ecole_saint_antoine_de_ficalba_chocolatier_conges.jpg 725w, https:\/\/www.chocolats-conges.com\/Boutique\/wp-content\/uploads\/2018\/11\/ecole_saint_antoine_de_ficalba_chocolatier_conges-600x642.jpg 600w, https:\/\/www.chocolats-conges.com\/Boutique\/wp-content\/uploads\/2018\/11\/ecole_saint_antoine_de_ficalba_chocolatier_conges-280x300.jpg 280w, https:\/\/www.chocolats-conges.com\/Boutique\/wp-content\/uploads\/2018\/11\/ecole_saint_antoine_de_ficalba_chocolatier_conges-480x514.jpg 480w\" sizes=\"auto, (max-width: 725px) 100vw, 725px\" \/><\/a><\/center><\/p>\n<p><center><a href=\"http:\/\/chocolats-conges.com\/Boutique\/wp-content\/uploads\/2018\/02\/chocolats_ficalba_conges.jpg\"><img loading=\"lazy\" decoding=\"async\" class=\"alignnone size-full wp-image-892\" title=\"chocolats_ficalba_conges\" src=\"http:\/\/chocolats-conges.com\/Boutique\/wp-content\/uploads\/2018\/02\/chocolats_ficalba_conges.jpg\" alt=\"\" width=\"609\" height=\"554\" srcset=\"https:\/\/www.chocolats-conges.com\/Boutique\/wp-content\/uploads\/2018\/02\/chocolats_ficalba_conges.jpg 609w, https:\/\/www.chocolats-conges.com\/Boutique\/wp-content\/uploads\/2018\/02\/chocolats_ficalba_conges-600x546.jpg 600w, https:\/\/www.chocolats-conges.com\/Boutique\/wp-content\/uploads\/2018\/02\/chocolats_ficalba_conges-300x272.jpg 300w\" sizes=\"auto, (max-width: 609px) 100vw, 609px\" \/><\/a><br \/>\n<a href=\"https:\/\/www.ladepeche.fr\/article\/2017\/11\/01\/2676310-decouverte-du-chocolat-de-jean-marie.html\">https:\/\/www.ladepeche.fr\/article\/2017\/11\/01\/2676310-decouverte-du-chocolat-de-jean-marie.html<\/a><\/center>&nbsp;<\/p>\n<p><center><a href=\"http:\/\/www.chocolats-conges.com\/Boutique\/qui-sommes-nous\/animation_chocolat_saint_antoine_de_ficalba\/\" rel=\"attachment wp-att-1143\"><img loading=\"lazy\" decoding=\"async\" class=\"alignnone size-full wp-image-1143\" src=\"http:\/\/www.chocolats-conges.com\/Boutique\/wp-content\/uploads\/2018\/11\/animation_chocolat_saint_antoine_de_ficalba.jpg\" alt=\"\" width=\"954\" height=\"618\" srcset=\"https:\/\/www.chocolats-conges.com\/Boutique\/wp-content\/uploads\/2018\/11\/animation_chocolat_saint_antoine_de_ficalba.jpg 954w, https:\/\/www.chocolats-conges.com\/Boutique\/wp-content\/uploads\/2018\/11\/animation_chocolat_saint_antoine_de_ficalba-600x389.jpg 600w, https:\/\/www.chocolats-conges.com\/Boutique\/wp-content\/uploads\/2018\/11\/animation_chocolat_saint_antoine_de_ficalba-300x194.jpg 300w, https:\/\/www.chocolats-conges.com\/Boutique\/wp-content\/uploads\/2018\/11\/animation_chocolat_saint_antoine_de_ficalba-768x498.jpg 768w, https:\/\/www.chocolats-conges.com\/Boutique\/wp-content\/uploads\/2018\/11\/animation_chocolat_saint_antoine_de_ficalba-740x480.jpg 740w, https:\/\/www.chocolats-conges.com\/Boutique\/wp-content\/uploads\/2018\/11\/animation_chocolat_saint_antoine_de_ficalba-480x311.jpg 480w\" sizes=\"auto, (max-width: 954px) 100vw, 954px\" \/><\/a><br \/>\n<a href=\"https:\/\/www.ladepeche.fr\/article\/2014\/04\/04\/1855683-saint-antoine-ficalba-livres-chocolats-lecher-babines.html#4ckczxuCu06dXvOB.99\">https:\/\/www.ladepeche.fr\/article\/2014\/04\/04\/1855683-saint-antoine-ficalba-livres-chocolats-lecher-babines.html<\/a><\/center>&nbsp;<\/p>\n<p><center>Dans le jury du concours la \u00ab\u00a0Cr\u00e8me des p\u00e2tissiers\u00a0\u00bb (ici en 2015) organis\u00e9 par la Chambre r\u00e9gionale des m\u00e9tiers et de l&rsquo;artisanat :<\/center><center><\/center><center><img loading=\"lazy\" decoding=\"async\" class=\"alignnone size-full wp-image-873\" src=\"http:\/\/www.chocolats-conges.com\/Boutique\/wp-content\/uploads\/2018\/02\/chocolats_conges_ficalba_01.jpg\" alt=\"\" width=\"592\" height=\"687\" srcset=\"https:\/\/www.chocolats-conges.com\/Boutique\/wp-content\/uploads\/2018\/02\/chocolats_conges_ficalba_01.jpg 592w, https:\/\/www.chocolats-conges.com\/Boutique\/wp-content\/uploads\/2018\/02\/chocolats_conges_ficalba_01-258x300.jpg 258w\" sizes=\"auto, (max-width: 592px) 100vw, 592px\" \/><\/center><center><a href=\"http:\/\/www.petitbleu.fr\/article\/2015\/03\/15\/34910-benoit-dannacher-c-est-vraiment-la-creme-des-patissiers.html\">http:\/\/www.petitbleu.fr\/article\/2015\/03\/15\/34910-benoit-dannacher-c-est-vraiment-la-creme-des-patissiers.html<\/a><\/center><br \/>\n<\/br><br \/>\n<\/br><br \/>\n<center>Participation aux f\u00eates du pain de Saint-Antoine de Ficalba pour valoriser la boulangerie traditionnelle et le savoir-faire des artisans :<br \/>\n<a href=\"http:\/\/www.chocolats-conges.com\/Boutique\/qui-sommes-nous\/fete_du_pain_saint_antoine_de_ficalba\/\" rel=\"attachment wp-att-1147\"><img loading=\"lazy\" decoding=\"async\" class=\"alignnone size-full wp-image-1147\" src=\"http:\/\/www.chocolats-conges.com\/Boutique\/wp-content\/uploads\/2018\/11\/f\u00eate_du_pain_saint_antoine_de_ficalba.jpg\" alt=\"\" width=\"420\" height=\"714\" srcset=\"https:\/\/www.chocolats-conges.com\/Boutique\/wp-content\/uploads\/2018\/11\/f\u00eate_du_pain_saint_antoine_de_ficalba.jpg 420w, https:\/\/www.chocolats-conges.com\/Boutique\/wp-content\/uploads\/2018\/11\/f\u00eate_du_pain_saint_antoine_de_ficalba-176x300.jpg 176w\" sizes=\"auto, (max-width: 420px) 100vw, 420px\" \/><\/a><\/center>&nbsp;<\/p>\n<p>&nbsp;<br \/>\n<center><\/p>\n<h4>Quelques commentaires post\u00e9s sur la pr\u00e9c\u00e9dente version du site :<\/h4>\n<p><img loading=\"lazy\" decoding=\"async\" class=\"alignnone size-full wp-image-1109\" src=\"http:\/\/www.chocolats-conges.com\/Boutique\/wp-content\/uploads\/2018\/11\/signe.png\" alt=\"\" width=\"300\" height=\"66\" \/><\/center><\/p>\n<p><span style=\"color: #8d5ba1;\"><strong>KUMURDJIAN<\/strong><\/span> &#8211; <em>26\/02\/2014<\/em><br \/>\nNon seulement les chocolats de Mr &amp; Mme CONGES sont d\u00e9licieux, mais je suis \u00e9bahi par la beaut\u00e9, les couleurs et l\u2019originalit\u00e9 de ses r\u00e9alisations sculpturales.<br \/>\nQuand reviendrez-vous au Salon de Marmande ?<br \/>\n<img loading=\"lazy\" decoding=\"async\" class=\"alignnone size-full wp-image-1110\" src=\"http:\/\/www.chocolats-conges.com\/Boutique\/wp-content\/uploads\/2018\/11\/signe2.png\" alt=\"\" width=\"106\" height=\"66\" \/><\/p>\n<p><span style=\"color: #8d5ba1;\"><strong>Pages Huguette et Serge<\/strong><\/span> &#8211; <em>26\/12\/2013<\/em><br \/>\nTr\u00e8s joli site<br \/>\nPhotos sympas et donnant envie de bon pain traditionnel et de chocolats artisanaux!!<br \/>\nBravo et toute la famille s\u2019est regal\u0117e avec les buches \u00ab sensation caramels \u00bb<br \/>\nJoyeuses f\u00eates de fin 2013 et bonne ann\u00e9e 2014!<br \/>\n<img loading=\"lazy\" decoding=\"async\" class=\"alignnone size-full wp-image-1110\" src=\"http:\/\/www.chocolats-conges.com\/Boutique\/wp-content\/uploads\/2018\/11\/signe2.png\" alt=\"\" width=\"106\" height=\"66\" \/><\/p>\n<p><span style=\"color: #8d5ba1;\"><strong>Ducos Sylvain<\/strong><\/span> &#8211; <em>23\/05\/2013<\/em><br \/>\nBonsoir,<br \/>\nC\u2019est un magnifique site que vous avez l\u00e0\u2026 Quelles belles cr\u00e9ations, du chocolat au sucre et aux fleurs\u2026 Encore bravo pour le travail que vous fournissez, vous le m\u00e9ritez.<br \/>\n<img loading=\"lazy\" decoding=\"async\" class=\"alignnone size-full wp-image-1110\" src=\"http:\/\/www.chocolats-conges.com\/Boutique\/wp-content\/uploads\/2018\/11\/signe2.png\" alt=\"\" width=\"106\" height=\"66\" \/><\/p>\n<p><span style=\"color: #8d5ba1;\"><strong>Dimartino Jean-Marie<\/strong><\/span> &#8211; <em>08\/09\/2012<\/em><br \/>\nCoucou de Noum\u00e9a f\u00e9licitations jm beau site belle r\u00e9ussite<br \/>\n<img loading=\"lazy\" decoding=\"async\" class=\"alignnone size-full wp-image-1110\" src=\"http:\/\/www.chocolats-conges.com\/Boutique\/wp-content\/uploads\/2018\/11\/signe2.png\" alt=\"\" width=\"106\" height=\"66\" \/><\/p>\n<p><span style=\"color: #8d5ba1;\"><strong>Claudie<\/strong><\/span> &#8211; <em>26\/04\/2012<\/em><br \/>\nbravo a vous deux hum je me r\u00e9gale de voir tout \u00e7a vous pouvez \u00eatre fiers.<br \/>\n<img loading=\"lazy\" decoding=\"async\" class=\"alignnone size-full wp-image-1110\" src=\"http:\/\/www.chocolats-conges.com\/Boutique\/wp-content\/uploads\/2018\/11\/signe2.png\" alt=\"\" width=\"106\" height=\"66\" \/><\/p>\n<p><span style=\"color: #8d5ba1;\"><strong>Cayr\u00e9 Ren\u00e9<\/strong><\/span> &#8211; <em>09\/04\/2012<\/em><br \/>\nIl \u00e9tait une fois un oeuf et un p\u00e2tissier\u2026fondus de chocolat, et pas que d\u2019un non, mais de trois s\u2019il vous plait !<br \/>\nEt voil\u00e0 ce que donne la passion, le travail, la cr\u00e9ativit\u00e9 d\u2019un artiste Ma\u00eetre Chocolatier\u2026 Une magnifique pi\u00e8ce pour honorer le temps de P\u00e2ques.<br \/>\nQuant \u00e0 \u00ab l\u2019Ambiance P\u00e2ques \u00bb de la boutique, la f\u00e9e aux doigts d\u2019or peut elle aussi \u00eatre f\u00e9licit\u00e9e\u2026<br \/>\nBravo \u00e0 vous deux, et au plaisir de vous retrouver tr\u00e8s bient\u00f4t \u00e0 St Antoine.<\/p>\n<p>Ren\u00e9 Cayr\u00e9 (le parisien\u2026)<br \/>\n<img loading=\"lazy\" decoding=\"async\" class=\"alignnone size-full wp-image-1110\" src=\"http:\/\/www.chocolats-conges.com\/Boutique\/wp-content\/uploads\/2018\/11\/signe2.png\" alt=\"\" width=\"106\" height=\"66\" \/><\/p>\n<p><span style=\"color: #8d5ba1;\"><strong>Darme<\/strong><\/span> &#8211; <em>21\/11\/2011<\/em><br \/>\nBRAVO LES JEUNES! J\u2019AI EU BEAUCOUP DE PLAISIR DE VOUS REVOIR ET JE SUIS HEUREUX<br \/>\nPOUR VOUS DE VOTRE R\u00c9USSITE MAIS CELA EST<br \/>\nLE R\u00c9SULTAT DE NOMBREUSES ANN\u00c9ES DE TRAVAIL.<br \/>\nROGER<br \/>\n<img loading=\"lazy\" decoding=\"async\" class=\"alignnone size-full wp-image-1110\" src=\"http:\/\/www.chocolats-conges.com\/Boutique\/wp-content\/uploads\/2018\/11\/signe2.png\" alt=\"\" width=\"106\" height=\"66\" \/><\/p>\n<p><span style=\"color: #8d5ba1;\"><strong>Laplace Annick<\/strong><\/span> &#8211; <em>21\/03\/2011<\/em><br \/>\nBonjour<br \/>\nTr\u00e8s bonne id\u00e9e d\u2019avoir construit votre site. je vais aller en faire la visite<br \/>\nAnnick<br \/>\n<img loading=\"lazy\" decoding=\"async\" class=\"alignnone size-full wp-image-1110\" src=\"http:\/\/www.chocolats-conges.com\/Boutique\/wp-content\/uploads\/2018\/11\/signe2.png\" alt=\"\" width=\"106\" height=\"66\" \/><\/p>\n<p><span style=\"color: #8d5ba1;\"><strong>Eric Bru<\/strong><\/span> &#8211; <em>05\/01\/2011<\/em><br \/>\nici petit bru<br \/>\ntr\u00e8s beau site je trouve isa souriante par contre toi ton bidou on le voit pas c\u2019est tout blanc c normal c gr\u00e2ce a ma lessive<br \/>\n<img loading=\"lazy\" decoding=\"async\" class=\"alignnone size-full wp-image-1110\" src=\"http:\/\/www.chocolats-conges.com\/Boutique\/wp-content\/uploads\/2018\/11\/signe2.png\" alt=\"\" width=\"106\" height=\"66\" \/><\/p>\n<p><span style=\"color: #8d5ba1;\"><strong>Zozo<\/strong><\/span> &#8211; <em>04\/12\/2010<\/em><br \/>\nBisou \u00e0 tous !<br \/>\nIl est super bien fait le site f\u00e9licitation \u00e0 seb ! \u00e7a donne faim tout \u00e7a !! en tout cas \u00e7a doit \u00eatre toujours aussi bon =)<br \/>\n<img loading=\"lazy\" decoding=\"async\" class=\"alignnone size-full wp-image-1110\" src=\"http:\/\/www.chocolats-conges.com\/Boutique\/wp-content\/uploads\/2018\/11\/signe2.png\" alt=\"\" width=\"106\" height=\"66\" \/><\/p>\n","protected":false},"excerpt":{"rendered":"<p>Monsieur Conges, depuis quand \u00eates-vous install\u00e9 sur la commune et quelles sont les raisons qui vous ont amen\u00e9 \u00e0 choisir Saint-Antoine ? \u00abJe me suis install\u00e9 le 1er Mai 1984. Natif de Bordeaux, je suis arriv\u00e9 \u00e0 Villeneuve en 1967 et apr\u00e8s mes ann\u00e9es d\u2019apprentissage, j\u2019ai cherch\u00e9 \u00e0 m\u2019installer, non pas dans une grande ville&#8230;<\/p>\n","protected":false},"author":1,"featured_media":0,"parent":0,"menu_order":0,"comment_status":"open","ping_status":"closed","template":"","meta":{"footnotes":""},"class_list":["post-712","page","type-page","status-publish","hentry"],"_links":{"self":[{"href":"https:\/\/www.chocolats-conges.com\/Boutique\/blog\/wp-json\/wp\/v2\/pages\/712","targetHints":{"allow":["GET"]}}],"collection":[{"href":"https:\/\/www.chocolats-conges.com\/Boutique\/blog\/wp-json\/wp\/v2\/pages"}],"about":[{"href":"https:\/\/www.chocolats-conges.com\/Boutique\/blog\/wp-json\/wp\/v2\/types\/page"}],"author":[{"embeddable":true,"href":"https:\/\/www.chocolats-conges.com\/Boutique\/blog\/wp-json\/wp\/v2\/users\/1"}],"replies":[{"embeddable":true,"href":"https:\/\/www.chocolats-conges.com\/Boutique\/blog\/wp-json\/wp\/v2\/comments?post=712"}],"version-history":[{"count":41,"href":"https:\/\/www.chocolats-conges.com\/Boutique\/blog\/wp-json\/wp\/v2\/pages\/712\/revisions"}],"predecessor-version":[{"id":1263,"href":"https:\/\/www.chocolats-conges.com\/Boutique\/blog\/wp-json\/wp\/v2\/pages\/712\/revisions\/1263"}],"wp:attachment":[{"href":"https:\/\/www.chocolats-conges.com\/Boutique\/blog\/wp-json\/wp\/v2\/media?parent=712"}],"curies":[{"name":"wp","href":"https:\/\/api.w.org\/{rel}","templated":true}]}}