{"id":2,"date":"2010-09-17T20:28:41","date_gmt":"2010-09-17T20:28:41","guid":{"rendered":"http:\/\/chocolats-conges.com\/Boutique\/\/?page_id=2"},"modified":"2024-12-18T16:15:03","modified_gmt":"2024-12-18T16:15:03","slug":"about","status":"publish","type":"page","link":"https:\/\/www.chocolats-conges.com\/Boutique\/blog\/about\/","title":{"rendered":"Chocolats"},"content":{"rendered":"<p><img loading=\"lazy\" decoding=\"async\" class=\"alignleft size-full wp-image-213\" title=\"beurre_de_cacao_001\" src=\"http:\/\/chocolats-conges.com\/Boutique\/wp-content\/uploads\/2010\/09\/beurre_de_cacao_001.png\" alt=\"\" width=\"120\" height=\"119\" srcset=\"https:\/\/www.chocolats-conges.com\/Boutique\/wp-content\/uploads\/2010\/09\/beurre_de_cacao_001.png 149w, https:\/\/www.chocolats-conges.com\/Boutique\/wp-content\/uploads\/2010\/09\/beurre_de_cacao_001-100x100.png 100w\" sizes=\"auto, (max-width: 120px) 100vw, 120px\" \/>Nous vous proposons toute une gamme de chocolats de fabrication artisanale produits dans notre atelier \u00e0 Saint-Antoine de Ficalba.<\/p>\n<p>Par souci de qualit\u00e9, nos bonbons sont bien \u00e9videmment 100% pur beurre de cacao.<\/p>\n<p><center><img loading=\"lazy\" decoding=\"async\" class=\"alignnone size-full wp-image-984\" src=\"http:\/\/www.chocolats-conges.com\/Boutique\/wp-content\/uploads\/2018\/10\/jean_Marie_Conges_artisan_chocolat.jpg\" alt=\"\" width=\"900\" height=\"587\" srcset=\"https:\/\/www.chocolats-conges.com\/Boutique\/wp-content\/uploads\/2018\/10\/jean_Marie_Conges_artisan_chocolat.jpg 900w, https:\/\/www.chocolats-conges.com\/Boutique\/wp-content\/uploads\/2018\/10\/jean_Marie_Conges_artisan_chocolat-600x391.jpg 600w, https:\/\/www.chocolats-conges.com\/Boutique\/wp-content\/uploads\/2018\/10\/jean_Marie_Conges_artisan_chocolat-300x196.jpg 300w, https:\/\/www.chocolats-conges.com\/Boutique\/wp-content\/uploads\/2018\/10\/jean_Marie_Conges_artisan_chocolat-768x501.jpg 768w, https:\/\/www.chocolats-conges.com\/Boutique\/wp-content\/uploads\/2018\/10\/jean_Marie_Conges_artisan_chocolat-740x483.jpg 740w, https:\/\/www.chocolats-conges.com\/Boutique\/wp-content\/uploads\/2018\/10\/jean_Marie_Conges_artisan_chocolat-480x313.jpg 480w\" sizes=\"auto, (max-width: 900px) 100vw, 900px\" \/><img loading=\"lazy\" decoding=\"async\" class=\"alignnone size-full wp-image-1155\" src=\"http:\/\/www.chocolats-conges.com\/Boutique\/wp-content\/uploads\/2018\/11\/Isabelle_Conges_chocolat_Ficalba.jpg\" alt=\"\" width=\"313\" height=\"468\" srcset=\"https:\/\/www.chocolats-conges.com\/Boutique\/wp-content\/uploads\/2018\/11\/Isabelle_Conges_chocolat_Ficalba.jpg 313w, https:\/\/www.chocolats-conges.com\/Boutique\/wp-content\/uploads\/2018\/11\/Isabelle_Conges_chocolat_Ficalba-201x300.jpg 201w\" sizes=\"auto, (max-width: 313px) 100vw, 313px\" \/><\/center><\/p>\n<h4><u><span style=\"color: #8a0808;\">Exemples de cr\u00e9ations en chocolat<\/span><\/u> :<\/h4>\n<p><center><a href=\"http:\/\/www.chocolats-conges.com\/Boutique\/wp-content\/uploads\/2018\/10\/Jean_Marie_Conges_Salon_Chocolat_Agen.jpg\"><img loading=\"lazy\" decoding=\"async\" class=\"size-full wp-image-1044\" src=\"http:\/\/www.chocolats-conges.com\/Boutique\/wp-content\/uploads\/2018\/10\/Jean_Marie_Conges_Salon_Chocolat_Agen.jpg\" alt=\"\" width=\"800\" height=\"535\" srcset=\"https:\/\/www.chocolats-conges.com\/Boutique\/wp-content\/uploads\/2018\/10\/Jean_Marie_Conges_Salon_Chocolat_Agen.jpg 800w, https:\/\/www.chocolats-conges.com\/Boutique\/wp-content\/uploads\/2018\/10\/Jean_Marie_Conges_Salon_Chocolat_Agen-600x401.jpg 600w, https:\/\/www.chocolats-conges.com\/Boutique\/wp-content\/uploads\/2018\/10\/Jean_Marie_Conges_Salon_Chocolat_Agen-300x201.jpg 300w, https:\/\/www.chocolats-conges.com\/Boutique\/wp-content\/uploads\/2018\/10\/Jean_Marie_Conges_Salon_Chocolat_Agen-768x514.jpg 768w, https:\/\/www.chocolats-conges.com\/Boutique\/wp-content\/uploads\/2018\/10\/Jean_Marie_Conges_Salon_Chocolat_Agen-740x495.jpg 740w, https:\/\/www.chocolats-conges.com\/Boutique\/wp-content\/uploads\/2018\/10\/Jean_Marie_Conges_Salon_Chocolat_Agen-510x340.jpg 510w, https:\/\/www.chocolats-conges.com\/Boutique\/wp-content\/uploads\/2018\/10\/Jean_Marie_Conges_Salon_Chocolat_Agen-480x320.jpg 480w\" sizes=\"auto, (max-width: 800px) 100vw, 800px\" \/><\/a><br \/>\n<img loading=\"lazy\" decoding=\"async\" class=\"alignnone size-full wp-image-1046\" src=\"http:\/\/www.chocolats-conges.com\/Boutique\/wp-content\/uploads\/2018\/10\/Jean_Marie_Conges_artisan_chocolat_creation_01.jpg\" alt=\"\" width=\"600\" height=\"402\" srcset=\"https:\/\/www.chocolats-conges.com\/Boutique\/wp-content\/uploads\/2018\/10\/Jean_Marie_Conges_artisan_chocolat_creation_01.jpg 600w, https:\/\/www.chocolats-conges.com\/Boutique\/wp-content\/uploads\/2018\/10\/Jean_Marie_Conges_artisan_chocolat_creation_01-300x201.jpg 300w, https:\/\/www.chocolats-conges.com\/Boutique\/wp-content\/uploads\/2018\/10\/Jean_Marie_Conges_artisan_chocolat_creation_01-480x322.jpg 480w\" sizes=\"auto, (max-width: 600px) 100vw, 600px\" \/><\/center><img loading=\"lazy\" decoding=\"async\" class=\"alignnone size-full wp-image-1048\" src=\"http:\/\/www.chocolats-conges.com\/Boutique\/wp-content\/uploads\/2018\/10\/Jean_Marie_Conges_artisan_chocolat_creation_02.jpg\" alt=\"\" width=\"800\" height=\"533\" srcset=\"https:\/\/www.chocolats-conges.com\/Boutique\/wp-content\/uploads\/2018\/10\/Jean_Marie_Conges_artisan_chocolat_creation_02.jpg 800w, https:\/\/www.chocolats-conges.com\/Boutique\/wp-content\/uploads\/2018\/10\/Jean_Marie_Conges_artisan_chocolat_creation_02-600x400.jpg 600w, https:\/\/www.chocolats-conges.com\/Boutique\/wp-content\/uploads\/2018\/10\/Jean_Marie_Conges_artisan_chocolat_creation_02-300x200.jpg 300w, https:\/\/www.chocolats-conges.com\/Boutique\/wp-content\/uploads\/2018\/10\/Jean_Marie_Conges_artisan_chocolat_creation_02-768x512.jpg 768w, https:\/\/www.chocolats-conges.com\/Boutique\/wp-content\/uploads\/2018\/10\/Jean_Marie_Conges_artisan_chocolat_creation_02-740x493.jpg 740w, https:\/\/www.chocolats-conges.com\/Boutique\/wp-content\/uploads\/2018\/10\/Jean_Marie_Conges_artisan_chocolat_creation_02-510x340.jpg 510w, https:\/\/www.chocolats-conges.com\/Boutique\/wp-content\/uploads\/2018\/10\/Jean_Marie_Conges_artisan_chocolat_creation_02-480x320.jpg 480w\" sizes=\"auto, (max-width: 800px) 100vw, 800px\" \/><\/p>\n<p><img loading=\"lazy\" decoding=\"async\" class=\"alignnone size-full wp-image-1050\" src=\"http:\/\/www.chocolats-conges.com\/Boutique\/wp-content\/uploads\/2018\/10\/Jean_Marie_Conges_artisan_chocolat_creation_03.jpg\" alt=\"\" width=\"800\" height=\"533\" srcset=\"https:\/\/www.chocolats-conges.com\/Boutique\/wp-content\/uploads\/2018\/10\/Jean_Marie_Conges_artisan_chocolat_creation_03.jpg 800w, https:\/\/www.chocolats-conges.com\/Boutique\/wp-content\/uploads\/2018\/10\/Jean_Marie_Conges_artisan_chocolat_creation_03-600x400.jpg 600w, https:\/\/www.chocolats-conges.com\/Boutique\/wp-content\/uploads\/2018\/10\/Jean_Marie_Conges_artisan_chocolat_creation_03-300x200.jpg 300w, https:\/\/www.chocolats-conges.com\/Boutique\/wp-content\/uploads\/2018\/10\/Jean_Marie_Conges_artisan_chocolat_creation_03-768x512.jpg 768w, https:\/\/www.chocolats-conges.com\/Boutique\/wp-content\/uploads\/2018\/10\/Jean_Marie_Conges_artisan_chocolat_creation_03-740x493.jpg 740w, https:\/\/www.chocolats-conges.com\/Boutique\/wp-content\/uploads\/2018\/10\/Jean_Marie_Conges_artisan_chocolat_creation_03-510x340.jpg 510w, https:\/\/www.chocolats-conges.com\/Boutique\/wp-content\/uploads\/2018\/10\/Jean_Marie_Conges_artisan_chocolat_creation_03-480x320.jpg 480w\" sizes=\"auto, (max-width: 800px) 100vw, 800px\" \/><\/p>\n<p><img loading=\"lazy\" decoding=\"async\" class=\"alignnone size-full wp-image-1052\" src=\"http:\/\/www.chocolats-conges.com\/Boutique\/wp-content\/uploads\/2018\/10\/Jean_Marie_Conges_artisan_chocolat_creation_04.jpg\" alt=\"\" width=\"800\" height=\"532\" srcset=\"https:\/\/www.chocolats-conges.com\/Boutique\/wp-content\/uploads\/2018\/10\/Jean_Marie_Conges_artisan_chocolat_creation_04.jpg 800w, https:\/\/www.chocolats-conges.com\/Boutique\/wp-content\/uploads\/2018\/10\/Jean_Marie_Conges_artisan_chocolat_creation_04-600x399.jpg 600w, https:\/\/www.chocolats-conges.com\/Boutique\/wp-content\/uploads\/2018\/10\/Jean_Marie_Conges_artisan_chocolat_creation_04-300x200.jpg 300w, https:\/\/www.chocolats-conges.com\/Boutique\/wp-content\/uploads\/2018\/10\/Jean_Marie_Conges_artisan_chocolat_creation_04-768x511.jpg 768w, https:\/\/www.chocolats-conges.com\/Boutique\/wp-content\/uploads\/2018\/10\/Jean_Marie_Conges_artisan_chocolat_creation_04-740x492.jpg 740w, https:\/\/www.chocolats-conges.com\/Boutique\/wp-content\/uploads\/2018\/10\/Jean_Marie_Conges_artisan_chocolat_creation_04-510x340.jpg 510w, https:\/\/www.chocolats-conges.com\/Boutique\/wp-content\/uploads\/2018\/10\/Jean_Marie_Conges_artisan_chocolat_creation_04-480x320.jpg 480w\" sizes=\"auto, (max-width: 800px) 100vw, 800px\" \/><\/p>\n<p><img loading=\"lazy\" decoding=\"async\" class=\"alignnone size-full wp-image-1054\" src=\"http:\/\/www.chocolats-conges.com\/Boutique\/wp-content\/uploads\/2018\/10\/Jean_Marie_Conges_artisan_chocolat_creation_05.jpg\" alt=\"\" width=\"800\" height=\"533\" srcset=\"https:\/\/www.chocolats-conges.com\/Boutique\/wp-content\/uploads\/2018\/10\/Jean_Marie_Conges_artisan_chocolat_creation_05.jpg 800w, https:\/\/www.chocolats-conges.com\/Boutique\/wp-content\/uploads\/2018\/10\/Jean_Marie_Conges_artisan_chocolat_creation_05-600x400.jpg 600w, https:\/\/www.chocolats-conges.com\/Boutique\/wp-content\/uploads\/2018\/10\/Jean_Marie_Conges_artisan_chocolat_creation_05-300x200.jpg 300w, https:\/\/www.chocolats-conges.com\/Boutique\/wp-content\/uploads\/2018\/10\/Jean_Marie_Conges_artisan_chocolat_creation_05-768x512.jpg 768w, https:\/\/www.chocolats-conges.com\/Boutique\/wp-content\/uploads\/2018\/10\/Jean_Marie_Conges_artisan_chocolat_creation_05-740x493.jpg 740w, https:\/\/www.chocolats-conges.com\/Boutique\/wp-content\/uploads\/2018\/10\/Jean_Marie_Conges_artisan_chocolat_creation_05-510x340.jpg 510w, https:\/\/www.chocolats-conges.com\/Boutique\/wp-content\/uploads\/2018\/10\/Jean_Marie_Conges_artisan_chocolat_creation_05-480x320.jpg 480w\" sizes=\"auto, (max-width: 800px) 100vw, 800px\" \/><\/p>\n<p><img loading=\"lazy\" decoding=\"async\" class=\"size-full wp-image-1056\" src=\"http:\/\/www.chocolats-conges.com\/Boutique\/wp-content\/uploads\/2018\/10\/Jean_Marie_Conges_artisan_chocolat_creation_07.jpg\" alt=\"\" width=\"800\" height=\"536\" srcset=\"https:\/\/www.chocolats-conges.com\/Boutique\/wp-content\/uploads\/2018\/10\/Jean_Marie_Conges_artisan_chocolat_creation_07.jpg 800w, https:\/\/www.chocolats-conges.com\/Boutique\/wp-content\/uploads\/2018\/10\/Jean_Marie_Conges_artisan_chocolat_creation_07-600x402.jpg 600w, https:\/\/www.chocolats-conges.com\/Boutique\/wp-content\/uploads\/2018\/10\/Jean_Marie_Conges_artisan_chocolat_creation_07-300x201.jpg 300w, https:\/\/www.chocolats-conges.com\/Boutique\/wp-content\/uploads\/2018\/10\/Jean_Marie_Conges_artisan_chocolat_creation_07-768x515.jpg 768w, https:\/\/www.chocolats-conges.com\/Boutique\/wp-content\/uploads\/2018\/10\/Jean_Marie_Conges_artisan_chocolat_creation_07-740x496.jpg 740w, https:\/\/www.chocolats-conges.com\/Boutique\/wp-content\/uploads\/2018\/10\/Jean_Marie_Conges_artisan_chocolat_creation_07-480x322.jpg 480w\" sizes=\"auto, (max-width: 800px) 100vw, 800px\" \/><\/p>\n<p><img loading=\"lazy\" decoding=\"async\" class=\"alignnone size-full wp-image-1058\" src=\"http:\/\/www.chocolats-conges.com\/Boutique\/wp-content\/uploads\/2018\/10\/Jean_Marie_Conges_artisan_chocolat_creation_08.jpg\" alt=\"\" width=\"747\" height=\"500\" srcset=\"https:\/\/www.chocolats-conges.com\/Boutique\/wp-content\/uploads\/2018\/10\/Jean_Marie_Conges_artisan_chocolat_creation_08.jpg 747w, https:\/\/www.chocolats-conges.com\/Boutique\/wp-content\/uploads\/2018\/10\/Jean_Marie_Conges_artisan_chocolat_creation_08-600x402.jpg 600w, https:\/\/www.chocolats-conges.com\/Boutique\/wp-content\/uploads\/2018\/10\/Jean_Marie_Conges_artisan_chocolat_creation_08-300x201.jpg 300w, https:\/\/www.chocolats-conges.com\/Boutique\/wp-content\/uploads\/2018\/10\/Jean_Marie_Conges_artisan_chocolat_creation_08-740x495.jpg 740w, https:\/\/www.chocolats-conges.com\/Boutique\/wp-content\/uploads\/2018\/10\/Jean_Marie_Conges_artisan_chocolat_creation_08-510x340.jpg 510w, https:\/\/www.chocolats-conges.com\/Boutique\/wp-content\/uploads\/2018\/10\/Jean_Marie_Conges_artisan_chocolat_creation_08-480x320.jpg 480w\" sizes=\"auto, (max-width: 747px) 100vw, 747px\" \/><\/p>\n<p><img loading=\"lazy\" decoding=\"async\" class=\"alignnone size-full wp-image-1060\" src=\"http:\/\/www.chocolats-conges.com\/Boutique\/wp-content\/uploads\/2018\/10\/Jean_Marie_Conges_artisan_chocolat_creation_09.jpg\" alt=\"\" width=\"480\" height=\"721\" srcset=\"https:\/\/www.chocolats-conges.com\/Boutique\/wp-content\/uploads\/2018\/10\/Jean_Marie_Conges_artisan_chocolat_creation_09.jpg 480w, https:\/\/www.chocolats-conges.com\/Boutique\/wp-content\/uploads\/2018\/10\/Jean_Marie_Conges_artisan_chocolat_creation_09-200x300.jpg 200w\" sizes=\"auto, (max-width: 480px) 100vw, 480px\" \/><br \/>\n<img loading=\"lazy\" decoding=\"async\" class=\"alignnone size-full wp-image-1062\" src=\"http:\/\/www.chocolats-conges.com\/Boutique\/wp-content\/uploads\/2018\/10\/Jean_Marie_Conges_artisan_chocolat_creation_10.jpg\" alt=\"\" width=\"480\" height=\"717\" srcset=\"https:\/\/www.chocolats-conges.com\/Boutique\/wp-content\/uploads\/2018\/10\/Jean_Marie_Conges_artisan_chocolat_creation_10.jpg 480w, https:\/\/www.chocolats-conges.com\/Boutique\/wp-content\/uploads\/2018\/10\/Jean_Marie_Conges_artisan_chocolat_creation_10-201x300.jpg 201w\" sizes=\"auto, (max-width: 480px) 100vw, 480px\" \/><\/p>\n<p><img loading=\"lazy\" decoding=\"async\" class=\"size-full wp-image-1064\" src=\"http:\/\/www.chocolats-conges.com\/Boutique\/wp-content\/uploads\/2018\/10\/Jean_Marie_Conges_artisan_chocolat_creation_11.jpg\" alt=\"\" width=\"800\" height=\"536\" srcset=\"https:\/\/www.chocolats-conges.com\/Boutique\/wp-content\/uploads\/2018\/10\/Jean_Marie_Conges_artisan_chocolat_creation_11.jpg 800w, https:\/\/www.chocolats-conges.com\/Boutique\/wp-content\/uploads\/2018\/10\/Jean_Marie_Conges_artisan_chocolat_creation_11-600x402.jpg 600w, https:\/\/www.chocolats-conges.com\/Boutique\/wp-content\/uploads\/2018\/10\/Jean_Marie_Conges_artisan_chocolat_creation_11-300x201.jpg 300w, https:\/\/www.chocolats-conges.com\/Boutique\/wp-content\/uploads\/2018\/10\/Jean_Marie_Conges_artisan_chocolat_creation_11-768x515.jpg 768w, https:\/\/www.chocolats-conges.com\/Boutique\/wp-content\/uploads\/2018\/10\/Jean_Marie_Conges_artisan_chocolat_creation_11-740x496.jpg 740w, https:\/\/www.chocolats-conges.com\/Boutique\/wp-content\/uploads\/2018\/10\/Jean_Marie_Conges_artisan_chocolat_creation_11-480x322.jpg 480w\" sizes=\"auto, (max-width: 800px) 100vw, 800px\" \/><\/p>\n<p><img loading=\"lazy\" decoding=\"async\" class=\"alignnone size-full wp-image-1116\" src=\"http:\/\/www.chocolats-conges.com\/Boutique\/wp-content\/uploads\/2018\/11\/Jean_Marie_Conges_artisan_chocolat_creation_14.jpg\" alt=\"\" width=\"800\" height=\"536\" srcset=\"https:\/\/www.chocolats-conges.com\/Boutique\/wp-content\/uploads\/2018\/11\/Jean_Marie_Conges_artisan_chocolat_creation_14.jpg 800w, https:\/\/www.chocolats-conges.com\/Boutique\/wp-content\/uploads\/2018\/11\/Jean_Marie_Conges_artisan_chocolat_creation_14-600x402.jpg 600w, https:\/\/www.chocolats-conges.com\/Boutique\/wp-content\/uploads\/2018\/11\/Jean_Marie_Conges_artisan_chocolat_creation_14-300x201.jpg 300w, https:\/\/www.chocolats-conges.com\/Boutique\/wp-content\/uploads\/2018\/11\/Jean_Marie_Conges_artisan_chocolat_creation_14-768x515.jpg 768w, https:\/\/www.chocolats-conges.com\/Boutique\/wp-content\/uploads\/2018\/11\/Jean_Marie_Conges_artisan_chocolat_creation_14-740x496.jpg 740w, https:\/\/www.chocolats-conges.com\/Boutique\/wp-content\/uploads\/2018\/11\/Jean_Marie_Conges_artisan_chocolat_creation_14-480x322.jpg 480w\" sizes=\"auto, (max-width: 800px) 100vw, 800px\" \/><\/p>\n<p><img loading=\"lazy\" decoding=\"async\" class=\"size-full wp-image-1066\" src=\"http:\/\/www.chocolats-conges.com\/Boutique\/wp-content\/uploads\/2018\/10\/Jean_Marie_Conges_artisan_chocolat_creation_12.jpg\" alt=\"\" width=\"800\" height=\"536\" srcset=\"https:\/\/www.chocolats-conges.com\/Boutique\/wp-content\/uploads\/2018\/10\/Jean_Marie_Conges_artisan_chocolat_creation_12.jpg 800w, https:\/\/www.chocolats-conges.com\/Boutique\/wp-content\/uploads\/2018\/10\/Jean_Marie_Conges_artisan_chocolat_creation_12-600x402.jpg 600w, https:\/\/www.chocolats-conges.com\/Boutique\/wp-content\/uploads\/2018\/10\/Jean_Marie_Conges_artisan_chocolat_creation_12-300x201.jpg 300w, https:\/\/www.chocolats-conges.com\/Boutique\/wp-content\/uploads\/2018\/10\/Jean_Marie_Conges_artisan_chocolat_creation_12-768x515.jpg 768w, https:\/\/www.chocolats-conges.com\/Boutique\/wp-content\/uploads\/2018\/10\/Jean_Marie_Conges_artisan_chocolat_creation_12-740x496.jpg 740w, https:\/\/www.chocolats-conges.com\/Boutique\/wp-content\/uploads\/2018\/10\/Jean_Marie_Conges_artisan_chocolat_creation_12-480x322.jpg 480w\" sizes=\"auto, (max-width: 800px) 100vw, 800px\" \/><\/p>\n<p><img loading=\"lazy\" decoding=\"async\" class=\"alignnone size-full wp-image-1067\" src=\"http:\/\/www.chocolats-conges.com\/Boutique\/wp-content\/uploads\/2018\/10\/Jean_Marie_Conges_artisan_chocolat_creation_13.jpg\" alt=\"\" width=\"800\" height=\"536\" srcset=\"https:\/\/www.chocolats-conges.com\/Boutique\/wp-content\/uploads\/2018\/10\/Jean_Marie_Conges_artisan_chocolat_creation_13.jpg 800w, https:\/\/www.chocolats-conges.com\/Boutique\/wp-content\/uploads\/2018\/10\/Jean_Marie_Conges_artisan_chocolat_creation_13-600x402.jpg 600w, https:\/\/www.chocolats-conges.com\/Boutique\/wp-content\/uploads\/2018\/10\/Jean_Marie_Conges_artisan_chocolat_creation_13-300x201.jpg 300w, https:\/\/www.chocolats-conges.com\/Boutique\/wp-content\/uploads\/2018\/10\/Jean_Marie_Conges_artisan_chocolat_creation_13-768x515.jpg 768w, https:\/\/www.chocolats-conges.com\/Boutique\/wp-content\/uploads\/2018\/10\/Jean_Marie_Conges_artisan_chocolat_creation_13-740x496.jpg 740w, https:\/\/www.chocolats-conges.com\/Boutique\/wp-content\/uploads\/2018\/10\/Jean_Marie_Conges_artisan_chocolat_creation_13-480x322.jpg 480w\" sizes=\"auto, (max-width: 800px) 100vw, 800px\" \/><\/p>\n","protected":false},"excerpt":{"rendered":"<p>Nous vous proposons toute une gamme de chocolats de fabrication artisanale produits dans notre atelier \u00e0 Saint-Antoine de Ficalba. Par souci de qualit\u00e9, nos bonbons sont bien \u00e9videmment 100% pur beurre de cacao. Exemples de cr\u00e9ations en chocolat :<\/p>\n","protected":false},"author":1,"featured_media":0,"parent":0,"menu_order":2,"comment_status":"closed","ping_status":"open","template":"100pct-width.php","meta":{"footnotes":""},"class_list":["post-2","page","type-page","status-publish","hentry"],"_links":{"self":[{"href":"https:\/\/www.chocolats-conges.com\/Boutique\/blog\/wp-json\/wp\/v2\/pages\/2","targetHints":{"allow":["GET"]}}],"collection":[{"href":"https:\/\/www.chocolats-conges.com\/Boutique\/blog\/wp-json\/wp\/v2\/pages"}],"about":[{"href":"https:\/\/www.chocolats-conges.com\/Boutique\/blog\/wp-json\/wp\/v2\/types\/page"}],"author":[{"embeddable":true,"href":"https:\/\/www.chocolats-conges.com\/Boutique\/blog\/wp-json\/wp\/v2\/users\/1"}],"replies":[{"embeddable":true,"href":"https:\/\/www.chocolats-conges.com\/Boutique\/blog\/wp-json\/wp\/v2\/comments?post=2"}],"version-history":[{"count":244,"href":"https:\/\/www.chocolats-conges.com\/Boutique\/blog\/wp-json\/wp\/v2\/pages\/2\/revisions"}],"predecessor-version":[{"id":62173,"href":"https:\/\/www.chocolats-conges.com\/Boutique\/blog\/wp-json\/wp\/v2\/pages\/2\/revisions\/62173"}],"wp:attachment":[{"href":"https:\/\/www.chocolats-conges.com\/Boutique\/blog\/wp-json\/wp\/v2\/media?parent=2"}],"curies":[{"name":"wp","href":"https:\/\/api.w.org\/{rel}","templated":true}]}}